{"id":166,"date":"2022-01-02T20:27:28","date_gmt":"2022-01-02T20:27:28","guid":{"rendered":"https:\/\/6g-conference.dnac.org\/?page_id=166"},"modified":"2022-01-02T20:28:43","modified_gmt":"2022-01-02T20:28:43","slug":"tpc-members","status":"publish","type":"page","link":"https:\/\/6g-conference.dnac.org\/2022\/tpc-members\/","title":{"rendered":"TPC Members"},"content":{"rendered":"\n<h3><strong><span class=\"has-inline-color has-vivid-cyan-blue-color\">6GNet 2022 TPC List<\/span><\/strong><\/h3>\n\n\n\n<figure class=\"wp-block-table\"><table><tbody><tr><td>Hamid<\/td><td>Aghvami<\/td><td>King&#8217;s College London<\/td><td>United Kingdom (Great Britain)<\/td><\/tr><tr><td>Mohamed-Slim<\/td><td>Alouini<\/td><td>King Abdullah University of Science and Technology (KAUST)<\/td><td>Saudi Arabia<\/td><td><\/td><\/tr><tr><td>Zwi<\/td><td>Altman<\/td><td>Orange Labs<\/td><td>France<\/td><td><\/td><td><\/td><\/tr><tr><td>Suayb<\/td><td>Arslan<\/td><td>MEF University<\/td><td>Turkey<\/td><td><\/td><td><\/td><\/tr><tr><td>Hari<\/td><td>Balakrishnan<\/td><td>MIT<\/td><td>USA<\/td><td><\/td><td><\/td><\/tr><tr><td>Bernard<\/td><td>Barani<\/td><td>European Commission<\/td><td>Belgium<\/td><td><\/td><td><\/td><\/tr><tr><td>Mohamed<\/td><td>Boucadair<\/td><td>Orange<\/td><td>France<\/td><td><\/td><td><\/td><\/tr><tr><td>Didier<\/td><td>Bourse<\/td><td>Nokia<\/td><td>France<\/td><td><\/td><td><\/td><\/tr><tr><td>Marcus<\/td><td>Brunner<\/td><td>Huawei<\/td><td>Switzerland<\/td><td><\/td><\/tr><tr><td>Emilio<\/td><td>Calvanese Strinati<\/td><td>CEA-LETI<\/td><td>France<\/td><td><\/td><td><\/td><\/tr><tr><td>Marinos<\/td><td>Charalambides<\/td><td>University College London<\/td><td>United Kingdom (Great Britain)<\/td><\/tr><tr><td>Bruno<\/td><td>Chatras<\/td><td>Orange Labs<\/td><td>France<\/td><td><\/td><td><\/td><\/tr><tr><td>Periklis<\/td><td>Chatzimisios<\/td><td>International Hellenic University (Greece)<\/td><td>Greece<\/td><td><\/td><td><\/td><\/tr><tr><td>Tao<\/td><td>Chen<\/td><td>VTT Technical Research Centre of Finland LTD<\/td><td>Finland<\/td><td><\/td><td><\/td><\/tr><tr><td>Kaushik<\/td><td>Chowdhury<\/td><td>Northeastern University<\/td><td>USA<\/td><td><\/td><td><\/td><\/tr><tr><td>Marceau<\/td><td>Coupechoux<\/td><td>LTCI, T\u00e9l\u00e9com Paris, Institut Polytechnique de Paris<\/td><td>France<\/td><td><\/td><td><\/td><\/tr><tr><td>Elisabeth<\/td><td>de Carvalho<\/td><td>Aalborg University<\/td><td>Denmark<\/td><td><\/td><td><\/td><\/tr><tr><td>Filip<\/td><td>De Turck<\/td><td>Ghent University &#8211; imec<\/td><td>Belgium<\/td><td><\/td><td><\/td><\/tr><tr><td>Yansha<\/td><td>Deng<\/td><td>King&#8217;s College London<\/td><td>United Kingdom (Great Britain)<\/td><\/tr><tr><td>Rui<\/td><td>Dinis<\/td><td>Instituto de Telecomunica\u00e7\u00f5es de Portugal<\/td><td>Brazil<\/td><td><\/td><td><\/td><\/tr><tr><td>Emmanuel<\/td><td>Dotaro<\/td><td>Thales<\/td><td>France<\/td><td><\/td><td><\/td><\/tr><tr><td>Guillaume<\/td><td>Doyen<\/td><td>IMT Atlantique<\/td><td>France<\/td><td><\/td><td><\/td><\/tr><tr><td>Jaafar<\/td><td>Elmirghani<\/td><td>University of Leeds<\/td><td>United Kingdom (Great Britain)<\/td><\/tr><tr><td>Melike<\/td><td>Erol-Kantarci<\/td><td>University of Ottawa<\/td><td>Canada<\/td><td><\/td><td><\/td><\/tr><tr><td>Barry<\/td><td>Evans<\/td><td>University of Surrey<\/td><td>United Kingdom (Great Britain)<\/td><\/tr><tr><td>Carol<\/td><td>Fung<\/td><td>Virginia Commonwealth University<\/td><td>USA<\/td><td><\/td><td><\/td><\/tr><tr><td>Christian<\/td><td>Gallard<\/td><td>Orange Labs<\/td><td>France<\/td><td><\/td><td><\/td><\/tr><tr><td>David<\/td><td>Gesbert<\/td><td>Eurecom Institute<\/td><td>France<\/td><td><\/td><td><\/td><\/tr><tr><td>Marie-Helene<\/td><td>Hamon<\/td><td>Orange Labs<\/td><td>France<\/td><td><\/td><td><\/td><\/tr><tr><td>Eric<\/td><td>Hardouin<\/td><td>Orange Labs<\/td><td>France<\/td><td><\/td><td><\/td><\/tr><tr><td>Artur<\/td><td>Hecker<\/td><td>Huawei<\/td><td>Germany<\/td><td><\/td><td><\/td><\/tr><tr><td>Jiri<\/td><td>Hosek<\/td><td>Brno University of Technology<\/td><td>Czech Republic<\/td><td><\/td><\/tr><tr><td>Tobias<\/td><td>Ho\u00dffeld<\/td><td>University of W\u00fcrzburg<\/td><td>Germany<\/td><td><\/td><td><\/td><\/tr><tr><td>Abbas<\/td><td>Jamalipour<\/td><td>University of Sydney<\/td><td>Australia<\/td><td><\/td><td><\/td><\/tr><tr><td>Mutlu<\/td><td>Koca<\/td><td>Bogazici University<\/td><td>Turkey<\/td><td><\/td><td><\/td><\/tr><tr><td>Adlen<\/td><td>Ksentini<\/td><td>Eurecom<\/td><td>France<\/td><td><\/td><td><\/td><\/tr><tr><td>Jeremie<\/td><td>Leguay<\/td><td>Huawei Technologies, France Research Center<\/td><td>France<\/td><td><\/td><td><\/td><\/tr><tr><td>Noura<\/td><td>Limam<\/td><td>University of Waterloo<\/td><td>Canada<\/td><td><\/td><td><\/td><\/tr><tr><td>Guangyi<\/td><td>Liu<\/td><td>Research Institute of China Mobile<\/td><td>China<\/td><td><\/td><td><\/td><\/tr><tr><td>Xiqing<\/td><td>Liu<\/td><td>Beijing University of Posts and Telecommunications<\/td><td>China<\/td><td><\/td><td><\/td><\/tr><tr><td>Pascal<\/td><td>Lorenz<\/td><td>University of Haute Alsace<\/td><td>France<\/td><td><\/td><td><\/td><\/tr><tr><td>Thomas<\/td><td>Magedanz<\/td><td>Fraunhofer Institute FOKUS \/ TU Berlin<\/td><td>Germany<\/td><td><\/td><td><\/td><\/tr><tr><td>Bruce<\/td><td>Maggs<\/td><td>Duke University<\/td><td>USA<\/td><td><\/td><td><\/td><\/tr><tr><td>Antonio<\/td><td>Manzalini<\/td><td>Telecom Italia<\/td><td>Italy<\/td><td><\/td><td><\/td><\/tr><tr><td>Lorenzo<\/td><td>Mucchi<\/td><td>University of Florence<\/td><td>Italy<\/td><td><\/td><td><\/td><\/tr><tr><td>Thi Mai Trang<\/td><td>Nguyen<\/td><td>Sorbonne Universit\u00e9<\/td><td>France<\/td><td><\/td><td><\/td><\/tr><tr><td>Michele<\/td><td>Nogueira<\/td><td>Federal University of Minas Gerais<\/td><td>Brazil<\/td><td><\/td><td><\/td><\/tr><tr><td>Rogier<\/td><td>Noldus<\/td><td>Ericsson<\/td><td>The Netherlands<\/td><td><\/td><\/tr><tr><td>Giovani<\/td><td>Pau<\/td><td>Sorbonne University<\/td><td>France<\/td><td><\/td><td><\/td><\/tr><tr><td>Petar<\/td><td>Popovski<\/td><td>Aalborg University<\/td><td>Denmark<\/td><td><\/td><td><\/td><\/tr><tr><td>Ari<\/td><td>Pouttu<\/td><td>Centre for Wireless Communications University of Oulu<\/td><td>Finland<\/td><td><\/td><td><\/td><\/tr><tr><td>Mikael<\/td><td>Prytz<\/td><td>Ericsson Research<\/td><td>Sweden<\/td><td><\/td><td><\/td><\/tr><tr><td>Vasanthan<\/td><td>Raghavan<\/td><td>Qualcomm, Inc.<\/td><td>USA<\/td><td><\/td><td><\/td><\/tr><tr><td>Manuel<\/td><td>Ricardo<\/td><td>Universidade do Porto<\/td><td>Portugal<\/td><td><\/td><td><\/td><\/tr><tr><td>Laurent<\/td><td>Roullet<\/td><td>Nokia Bell Labs<\/td><td>France<\/td><td><\/td><td><\/td><\/tr><tr><td>Carlos Raniery<\/td><td>Santos<\/td><td>Federal University of Santa Maria<\/td><td>Brazil<\/td><td><\/td><td><\/td><\/tr><tr><td>Hikmet<\/td><td>Sari<\/td><td>NJUPT<\/td><td>France<\/td><td><\/td><td><\/td><\/tr><tr><td>Robert<\/td><td>Schober<\/td><td>Universit\u00e4t Erlangen-N\u00fcrnberg<\/td><td>Germany<\/td><td><\/td><td><\/td><\/tr><tr><td>Philippe<\/td><td>Sehier<\/td><td>Nokia Bell Labs<\/td><td>France<\/td><td><\/td><td><\/td><\/tr><tr><td>Philippe<\/td><td>Sehier<\/td><td>Nokia<\/td><td>France<\/td><td><\/td><td><\/td><\/tr><tr><td>Osvaldo<\/td><td>Simeone<\/td><td>King&#8217;s College London<\/td><td>United Kingdom (Great Britain)<\/td><\/tr><tr><td>Rahim<\/td><td>Tafazolli<\/td><td>University of Surrey<\/td><td>United Kingdom (Great Britain)<\/td><\/tr><tr><td>Tarik<\/td><td>Taleb<\/td><td>Aalto University<\/td><td>Finland<\/td><td><\/td><td><\/td><\/tr><tr><td>Anurag<\/td><td>Thantharate<\/td><td>University of Missouri Kansas City<\/td><td>USA<\/td><td><\/td><td><\/td><\/tr><tr><td>Mikko<\/td><td>Uusitalo<\/td><td>Nokia Bell Labs<\/td><td>Finland<\/td><td><\/td><td><\/td><\/tr><tr><td>Cedric<\/td><td>Ware<\/td><td>Institut Mines-T\u00e9l\u00e9com, T\u00e9l\u00e9com ParisTech, CNRS LTCI<\/td><td>France<\/td><td><\/td><td><\/td><\/tr><tr><td>Koji<\/td><td>Yamamoto<\/td><td>Kyoto University<\/td><td>Japan<\/td><td><\/td><td><\/td><\/tr><tr><td>Mohamed Faten<\/td><td>Zhani<\/td><td>\u00c9cole de Technologie Sup\u00e9rieure (\u00c9TS Montreal), University of Quebec<\/td><td>Canada<\/td><td><\/td><td><\/td><\/tr><tr><td>Volker<\/td><td>Ziegler<\/td><td>Nokia Bell Labs &amp; CTO<\/td><td>Germany<\/td><td><\/td><td><\/td><\/tr><\/tbody><\/table><\/figure>\n","protected":false},"excerpt":{"rendered":"<p>6GNet 2022 TPC List Hamid Aghvami &hellip; <a href=\"https:\/\/6g-conference.dnac.org\/2022\/tpc-members\/\">Continue reading <span class=\"meta-nav\">&rarr;<\/span><\/a><\/p>\n","protected":false},"author":1,"featured_media":0,"parent":0,"menu_order":0,"comment_status":"closed","ping_status":"closed","template":"","meta":[],"yoast_head":"<!-- This site is optimized with the Yoast SEO plugin v20.1 - https:\/\/yoast.com\/wordpress\/plugins\/seo\/ -->\n<title>TPC Members - 6GNet 2022<\/title>\n<meta name=\"robots\" content=\"index, follow, max-snippet:-1, max-image-preview:large, max-video-preview:-1\" \/>\n<link rel=\"canonical\" href=\"https:\/\/6g-conference.dnac.org\/2022\/tpc-members\/\" \/>\n<meta property=\"og:locale\" content=\"en_US\" \/>\n<meta property=\"og:type\" content=\"article\" \/>\n<meta property=\"og:title\" content=\"TPC Members - 6GNet 2022\" \/>\n<meta property=\"og:description\" content=\"6GNet 2022 TPC List Hamid Aghvami &hellip; Continue reading &rarr;\" \/>\n<meta property=\"og:url\" content=\"https:\/\/6g-conference.dnac.org\/2022\/tpc-members\/\" \/>\n<meta property=\"og:site_name\" content=\"6GNet 2022\" \/>\n<meta property=\"article:modified_time\" content=\"2022-01-02T20:28:43+00:00\" \/>\n<meta name=\"twitter:card\" content=\"summary_large_image\" \/>\n<meta name=\"twitter:site\" content=\"@dnac_conference\" \/>\n<meta name=\"twitter:label1\" content=\"Est. reading time\" \/>\n\t<meta name=\"twitter:data1\" content=\"1 minute\" \/>\n<script type=\"application\/ld+json\" class=\"yoast-schema-graph\">{\"@context\":\"https:\/\/schema.org\",\"@graph\":[{\"@type\":\"WebPage\",\"@id\":\"https:\/\/6g-conference.dnac.org\/2022\/tpc-members\/\",\"url\":\"https:\/\/6g-conference.dnac.org\/2022\/tpc-members\/\",\"name\":\"TPC Members - 6GNet 2022\",\"isPartOf\":{\"@id\":\"https:\/\/6g-conference.dnac.org\/2022\/#website\"},\"datePublished\":\"2022-01-02T20:27:28+00:00\",\"dateModified\":\"2022-01-02T20:28:43+00:00\",\"breadcrumb\":{\"@id\":\"https:\/\/6g-conference.dnac.org\/2022\/tpc-members\/#breadcrumb\"},\"inLanguage\":\"en-US\",\"potentialAction\":[{\"@type\":\"ReadAction\",\"target\":[\"https:\/\/6g-conference.dnac.org\/2022\/tpc-members\/\"]}]},{\"@type\":\"BreadcrumbList\",\"@id\":\"https:\/\/6g-conference.dnac.org\/2022\/tpc-members\/#breadcrumb\",\"itemListElement\":[{\"@type\":\"ListItem\",\"position\":1,\"name\":\"Home\",\"item\":\"https:\/\/6g-conference.dnac.org\/2022\/\"},{\"@type\":\"ListItem\",\"position\":2,\"name\":\"TPC Members\"}]},{\"@type\":\"WebSite\",\"@id\":\"https:\/\/6g-conference.dnac.org\/2022\/#website\",\"url\":\"https:\/\/6g-conference.dnac.org\/2022\/\",\"name\":\"6GNet 2022\",\"description\":\"1st International Conference on 6G Networking\",\"publisher\":{\"@id\":\"https:\/\/6g-conference.dnac.org\/2022\/#organization\"},\"potentialAction\":[{\"@type\":\"SearchAction\",\"target\":{\"@type\":\"EntryPoint\",\"urlTemplate\":\"https:\/\/6g-conference.dnac.org\/2022\/?s={search_term_string}\"},\"query-input\":\"required name=search_term_string\"}],\"inLanguage\":\"en-US\"},{\"@type\":\"Organization\",\"@id\":\"https:\/\/6g-conference.dnac.org\/2022\/#organization\",\"name\":\"DNAC\",\"url\":\"https:\/\/6g-conference.dnac.org\/2022\/\",\"logo\":{\"@type\":\"ImageObject\",\"inLanguage\":\"en-US\",\"@id\":\"https:\/\/6g-conference.dnac.org\/2022\/#\/schema\/logo\/image\/\",\"url\":\"https:\/\/6g-conference.dnac.org\/wp-content\/uploads\/2022\/04\/Logo_DNAC_Haut_Res-768x303-1.png\",\"contentUrl\":\"https:\/\/6g-conference.dnac.org\/wp-content\/uploads\/2022\/04\/Logo_DNAC_Haut_Res-768x303-1.png\",\"width\":768,\"height\":303,\"caption\":\"DNAC\"},\"image\":{\"@id\":\"https:\/\/6g-conference.dnac.org\/2022\/#\/schema\/logo\/image\/\"},\"sameAs\":[\"https:\/\/twitter.com\/dnac_conference\"]}]}<\/script>\n<!-- \/ Yoast SEO plugin. -->","yoast_head_json":{"title":"TPC Members - 6GNet 2022","robots":{"index":"index","follow":"follow","max-snippet":"max-snippet:-1","max-image-preview":"max-image-preview:large","max-video-preview":"max-video-preview:-1"},"canonical":"https:\/\/6g-conference.dnac.org\/2022\/tpc-members\/","og_locale":"en_US","og_type":"article","og_title":"TPC Members - 6GNet 2022","og_description":"6GNet 2022 TPC List Hamid Aghvami &hellip; Continue reading &rarr;","og_url":"https:\/\/6g-conference.dnac.org\/2022\/tpc-members\/","og_site_name":"6GNet 2022","article_modified_time":"2022-01-02T20:28:43+00:00","twitter_card":"summary_large_image","twitter_site":"@dnac_conference","twitter_misc":{"Est. reading time":"1 minute"},"schema":{"@context":"https:\/\/schema.org","@graph":[{"@type":"WebPage","@id":"https:\/\/6g-conference.dnac.org\/2022\/tpc-members\/","url":"https:\/\/6g-conference.dnac.org\/2022\/tpc-members\/","name":"TPC Members - 6GNet 2022","isPartOf":{"@id":"https:\/\/6g-conference.dnac.org\/2022\/#website"},"datePublished":"2022-01-02T20:27:28+00:00","dateModified":"2022-01-02T20:28:43+00:00","breadcrumb":{"@id":"https:\/\/6g-conference.dnac.org\/2022\/tpc-members\/#breadcrumb"},"inLanguage":"en-US","potentialAction":[{"@type":"ReadAction","target":["https:\/\/6g-conference.dnac.org\/2022\/tpc-members\/"]}]},{"@type":"BreadcrumbList","@id":"https:\/\/6g-conference.dnac.org\/2022\/tpc-members\/#breadcrumb","itemListElement":[{"@type":"ListItem","position":1,"name":"Home","item":"https:\/\/6g-conference.dnac.org\/2022\/"},{"@type":"ListItem","position":2,"name":"TPC Members"}]},{"@type":"WebSite","@id":"https:\/\/6g-conference.dnac.org\/2022\/#website","url":"https:\/\/6g-conference.dnac.org\/2022\/","name":"6GNet 2022","description":"1st International Conference on 6G Networking","publisher":{"@id":"https:\/\/6g-conference.dnac.org\/2022\/#organization"},"potentialAction":[{"@type":"SearchAction","target":{"@type":"EntryPoint","urlTemplate":"https:\/\/6g-conference.dnac.org\/2022\/?s={search_term_string}"},"query-input":"required name=search_term_string"}],"inLanguage":"en-US"},{"@type":"Organization","@id":"https:\/\/6g-conference.dnac.org\/2022\/#organization","name":"DNAC","url":"https:\/\/6g-conference.dnac.org\/2022\/","logo":{"@type":"ImageObject","inLanguage":"en-US","@id":"https:\/\/6g-conference.dnac.org\/2022\/#\/schema\/logo\/image\/","url":"https:\/\/6g-conference.dnac.org\/wp-content\/uploads\/2022\/04\/Logo_DNAC_Haut_Res-768x303-1.png","contentUrl":"https:\/\/6g-conference.dnac.org\/wp-content\/uploads\/2022\/04\/Logo_DNAC_Haut_Res-768x303-1.png","width":768,"height":303,"caption":"DNAC"},"image":{"@id":"https:\/\/6g-conference.dnac.org\/2022\/#\/schema\/logo\/image\/"},"sameAs":["https:\/\/twitter.com\/dnac_conference"]}]}},"_links":{"self":[{"href":"https:\/\/6g-conference.dnac.org\/2022\/wp-json\/wp\/v2\/pages\/166"}],"collection":[{"href":"https:\/\/6g-conference.dnac.org\/2022\/wp-json\/wp\/v2\/pages"}],"about":[{"href":"https:\/\/6g-conference.dnac.org\/2022\/wp-json\/wp\/v2\/types\/page"}],"author":[{"embeddable":true,"href":"https:\/\/6g-conference.dnac.org\/2022\/wp-json\/wp\/v2\/users\/1"}],"replies":[{"embeddable":true,"href":"https:\/\/6g-conference.dnac.org\/2022\/wp-json\/wp\/v2\/comments?post=166"}],"version-history":[{"count":3,"href":"https:\/\/6g-conference.dnac.org\/2022\/wp-json\/wp\/v2\/pages\/166\/revisions"}],"predecessor-version":[{"id":169,"href":"https:\/\/6g-conference.dnac.org\/2022\/wp-json\/wp\/v2\/pages\/166\/revisions\/169"}],"wp:attachment":[{"href":"https:\/\/6g-conference.dnac.org\/2022\/wp-json\/wp\/v2\/media?parent=166"}],"curies":[{"name":"wp","href":"https:\/\/api.w.org\/{rel}","templated":true}]}}