{"id":104,"date":"2023-01-14T13:01:24","date_gmt":"2023-01-14T13:01:24","guid":{"rendered":"https:\/\/6g-conference.dnac.org\/?page_id=104"},"modified":"2023-05-11T14:44:47","modified_gmt":"2023-05-11T14:44:47","slug":"technical-program-committee","status":"publish","type":"page","link":"https:\/\/6g-conference.dnac.org\/2023\/technical-program-committee\/","title":{"rendered":"Technical Program Committee"},"content":{"rendered":"\n<h3 class=\"wp-block-heading\"><mark style=\"background-color:rgba(0, 0, 0, 0)\" class=\"has-inline-color has-vivid-cyan-blue-color\"><strong>Technical Program Committee<\/strong><\/mark><\/h3>\n\n\n\n<ul>\n<li>Wessam Ajib, Universit\u00e9 du Qu\u00e9bec \u00e0 Montr\u00e9al, Canada <\/li>\n\n\n\n<li>Hyame Alameddine, Ericsson Research, Canada <\/li>\n\n\n\n<li>Suayb Arslan, Massachusetts Institute of Technology, USA <\/li>\n\n\n\n<li>Chadi Assi, Concordia University, Canada <\/li>\n\n\n\n<li>Edgar Eduardo Benitez Olivo, S\u00e3o Paulo State University (UNESP), Brazil <\/li>\n\n\n\n<li>Mohamed Boucadair, Orange, France <\/li>\n\n\n\n<li>Naila Bouchemal, ECE Paris, France <\/li>\n\n\n\n<li>Marcus Brunner, Huawei, Switzerland <\/li>\n\n\n\n<li>Emilio Calvanese Strinati, CEA-LETI, France <\/li>\n\n\n\n<li>Bruno Chatras, none, France <\/li>\n\n\n\n<li>Luis Correia, IST\/INESC-ID &#8211; University of Lisbon, Portugal <\/li>\n\n\n\n<li>Noel Crespi, Institut Mines-T\u00e9l\u00e9com, T\u00e9l\u00e9com SudParis, France <\/li>\n\n\n\n<li>M\u00e9rouane Debbah, Technology Innovation Institute, France <\/li>\n\n\n\n<li>Emmanuel Dotaro, Thales, France <\/li>\n\n\n\n<li>Moez Esseghir, Technology University of Troyes, France <\/li>\n\n\n\n<li>Barry Evans, University of Surrey United Kingdom, Great Britain <\/li>\n\n\n\n<li>Chrystel Gaber, Orange Labs, France <\/li>\n\n\n\n<li>Yacine Ghamri-Doudane, University of la Rochelle, France <\/li>\n\n\n\n<li>Marco Gomes, University of Coimbra, Portugal <\/li>\n\n\n\n<li>G\u00fcrkan G\u00fcr, Zurich University of Applied Sciences (ZHAW), Switzerland <\/li>\n\n\n\n<li>Marie-Helene Hamon, Orange Labs, France <\/li>\n\n\n\n<li>Jiguang He, Technology Innovation Institute, United Arab Emirates <\/li>\n\n\n\n<li>Tobias Ho\u00dffeld, University of W\u00fcrzburg, Germany <\/li>\n\n\n\n<li>Sondes Kallel ,University of Paris Saclay, France <\/li>\n\n\n\n<li>Jean-Marc Kelif, Orange Labs, France <\/li>\n\n\n\n<li>Rami Langar, Ecole de Technologie Sup\u00e9rieure de Montr\u00e9al and University Gustave Eiffel, Canada<\/li>\n\n\n\n<li>Jeremie Leguay, Huawei Technologies, France Research Center, France <\/li>\n\n\n\n<li>Ruidong Li, Kanazawa University, Japan <\/li>\n\n\n\n<li>Chen-Feng Liu, Technology Innovation Institute, United Arab Emirates <\/li>\n\n\n\n<li>Pascal Lorenz, University of Haute Alsace, France <\/li>\n\n\n\n<li>Diogo Mattos, Universidade Federal Fluminense, Brazil <\/li>\n\n\n\n<li>Izidor Mlakar, SferaIT, Slovenia <\/li>\n\n\n\n<li>Jules M. Moualeu, University of the Witwatersrand, South Africa <\/li>\n\n\n\n<li>Shimaa Naser, Khalifa University, United Arab Emirates <\/li>\n\n\n\n<li>Thi Mai Trang Nguyen, Universit\u00e9 Sorbonne Paris Nord, France <\/li>\n\n\n\n<li>Toan-Van Nguyen, International University-VNU-HCM, Vietnam <\/li>\n\n\n\n<li>Soodeh Nikan, Western University, Canada <\/li>\n\n\n\n<li>Rogier Noldus, Ericsson, The Netherlands <\/li>\n\n\n\n<li>Rodolfo Oliveira, Nova University of Lisbon, Instituto de Telecomunica\u00e7\u00f5es, Portugal <\/li>\n\n\n\n<li>Dinh-Thuy Phan-Huy, Orange, France <\/li>\n\n\n\n<li>Ari Pouttu, Centre for Wireless Communications University of Oulu, Finland <\/li>\n\n\n\n<li>Francois Rivet, University of Bordeaux, France <\/li>\n\n\n\n<li>Arthur S. de Sena, Technology Innovation Institute, United Arab Emirates <\/li>\n\n\n\n<li>Mohammad Salahuddin, University of Waterloo, Canada <\/li>\n\n\n\n<li>Carlos Raniery Santos, Federal University of Santa Maria, Brazil <\/li>\n\n\n\n<li>Stefano Secci, Cnam, France <\/li>\n\n\n\n<li>Philippe Sehier, Nokia Bell Labs, France <\/li>\n\n\n\n<li>Mohit Sharma, Technology Innovation Institute, United Arab Emirates <\/li>\n\n\n\n<li>Ibrahim Tamim, Western University, Canada <\/li>\n\n\n\n<li>Qiyang Zhao, Technology Innovation Institute, United Arab Emirates<\/li>\n<\/ul>\n","protected":false},"excerpt":{"rendered":"<p>Technical Program Committee<\/p>\n","protected":false},"author":1,"featured_media":0,"parent":0,"menu_order":0,"comment_status":"closed","ping_status":"closed","template":"","meta":[],"yoast_head":"<!-- This site is optimized with the Yoast SEO plugin v19.13 - https:\/\/yoast.com\/wordpress\/plugins\/seo\/ -->\n<title>Technical Program Committee - 6GNet 2023<\/title>\n<meta name=\"robots\" content=\"index, follow, max-snippet:-1, max-image-preview:large, max-video-preview:-1\" \/>\n<link rel=\"canonical\" href=\"https:\/\/6g-conference.dnac.org\/2023\/technical-program-committee\/\" \/>\n<meta property=\"og:locale\" content=\"en_US\" \/>\n<meta property=\"og:type\" content=\"article\" \/>\n<meta property=\"og:title\" content=\"Technical Program Committee - 6GNet 2023\" \/>\n<meta property=\"og:description\" content=\"Technical Program Committee\" \/>\n<meta property=\"og:url\" content=\"https:\/\/6g-conference.dnac.org\/2023\/technical-program-committee\/\" \/>\n<meta property=\"og:site_name\" content=\"6GNet 2023\" \/>\n<meta property=\"article:modified_time\" content=\"2023-05-11T14:44:47+00:00\" \/>\n<meta name=\"twitter:card\" content=\"summary_large_image\" \/>\n<meta name=\"twitter:site\" content=\"@dnac_conference\" \/>\n<meta name=\"twitter:label1\" content=\"Est. reading time\" \/>\n\t<meta name=\"twitter:data1\" content=\"2 minutes\" \/>\n<script type=\"application\/ld+json\" class=\"yoast-schema-graph\">{\"@context\":\"https:\/\/schema.org\",\"@graph\":[{\"@type\":\"WebPage\",\"@id\":\"https:\/\/6g-conference.dnac.org\/2023\/technical-program-committee\/\",\"url\":\"https:\/\/6g-conference.dnac.org\/2023\/technical-program-committee\/\",\"name\":\"Technical Program Committee - 6GNet 2023\",\"isPartOf\":{\"@id\":\"https:\/\/6g-conference.dnac.org\/2023\/#website\"},\"datePublished\":\"2023-01-14T13:01:24+00:00\",\"dateModified\":\"2023-05-11T14:44:47+00:00\",\"breadcrumb\":{\"@id\":\"https:\/\/6g-conference.dnac.org\/2023\/technical-program-committee\/#breadcrumb\"},\"inLanguage\":\"en-US\",\"potentialAction\":[{\"@type\":\"ReadAction\",\"target\":[\"https:\/\/6g-conference.dnac.org\/2023\/technical-program-committee\/\"]}]},{\"@type\":\"BreadcrumbList\",\"@id\":\"https:\/\/6g-conference.dnac.org\/2023\/technical-program-committee\/#breadcrumb\",\"itemListElement\":[{\"@type\":\"ListItem\",\"position\":1,\"name\":\"Home\",\"item\":\"https:\/\/6g-conference.dnac.org\/2023\/\"},{\"@type\":\"ListItem\",\"position\":2,\"name\":\"Technical Program Committee\"}]},{\"@type\":\"WebSite\",\"@id\":\"https:\/\/6g-conference.dnac.org\/2023\/#website\",\"url\":\"https:\/\/6g-conference.dnac.org\/2023\/\",\"name\":\"6GNet 2023\",\"description\":\"International Conference on 6G Networking \",\"publisher\":{\"@id\":\"https:\/\/6g-conference.dnac.org\/2023\/#organization\"},\"potentialAction\":[{\"@type\":\"SearchAction\",\"target\":{\"@type\":\"EntryPoint\",\"urlTemplate\":\"https:\/\/6g-conference.dnac.org\/2023\/?s={search_term_string}\"},\"query-input\":\"required name=search_term_string\"}],\"inLanguage\":\"en-US\"},{\"@type\":\"Organization\",\"@id\":\"https:\/\/6g-conference.dnac.org\/2023\/#organization\",\"name\":\"DNAC\",\"url\":\"https:\/\/6g-conference.dnac.org\/2023\/\",\"logo\":{\"@type\":\"ImageObject\",\"inLanguage\":\"en-US\",\"@id\":\"https:\/\/6g-conference.dnac.org\/2023\/#\/schema\/logo\/image\/\",\"url\":\"https:\/\/6g-conference.dnac.org\/wp-content\/uploads\/2022\/12\/Logo_DNAC_Haut_Res-768x303-1.png\",\"contentUrl\":\"https:\/\/6g-conference.dnac.org\/wp-content\/uploads\/2022\/12\/Logo_DNAC_Haut_Res-768x303-1.png\",\"width\":768,\"height\":303,\"caption\":\"DNAC\"},\"image\":{\"@id\":\"https:\/\/6g-conference.dnac.org\/2023\/#\/schema\/logo\/image\/\"},\"sameAs\":[\"https:\/\/twitter.com\/dnac_conference\"]}]}<\/script>\n<!-- \/ Yoast SEO plugin. -->","yoast_head_json":{"title":"Technical Program Committee - 6GNet 2023","robots":{"index":"index","follow":"follow","max-snippet":"max-snippet:-1","max-image-preview":"max-image-preview:large","max-video-preview":"max-video-preview:-1"},"canonical":"https:\/\/6g-conference.dnac.org\/2023\/technical-program-committee\/","og_locale":"en_US","og_type":"article","og_title":"Technical Program Committee - 6GNet 2023","og_description":"Technical Program Committee","og_url":"https:\/\/6g-conference.dnac.org\/2023\/technical-program-committee\/","og_site_name":"6GNet 2023","article_modified_time":"2023-05-11T14:44:47+00:00","twitter_card":"summary_large_image","twitter_site":"@dnac_conference","twitter_misc":{"Est. reading time":"2 minutes"},"schema":{"@context":"https:\/\/schema.org","@graph":[{"@type":"WebPage","@id":"https:\/\/6g-conference.dnac.org\/2023\/technical-program-committee\/","url":"https:\/\/6g-conference.dnac.org\/2023\/technical-program-committee\/","name":"Technical Program Committee - 6GNet 2023","isPartOf":{"@id":"https:\/\/6g-conference.dnac.org\/2023\/#website"},"datePublished":"2023-01-14T13:01:24+00:00","dateModified":"2023-05-11T14:44:47+00:00","breadcrumb":{"@id":"https:\/\/6g-conference.dnac.org\/2023\/technical-program-committee\/#breadcrumb"},"inLanguage":"en-US","potentialAction":[{"@type":"ReadAction","target":["https:\/\/6g-conference.dnac.org\/2023\/technical-program-committee\/"]}]},{"@type":"BreadcrumbList","@id":"https:\/\/6g-conference.dnac.org\/2023\/technical-program-committee\/#breadcrumb","itemListElement":[{"@type":"ListItem","position":1,"name":"Home","item":"https:\/\/6g-conference.dnac.org\/2023\/"},{"@type":"ListItem","position":2,"name":"Technical Program Committee"}]},{"@type":"WebSite","@id":"https:\/\/6g-conference.dnac.org\/2023\/#website","url":"https:\/\/6g-conference.dnac.org\/2023\/","name":"6GNet 2023","description":"International Conference on 6G Networking ","publisher":{"@id":"https:\/\/6g-conference.dnac.org\/2023\/#organization"},"potentialAction":[{"@type":"SearchAction","target":{"@type":"EntryPoint","urlTemplate":"https:\/\/6g-conference.dnac.org\/2023\/?s={search_term_string}"},"query-input":"required name=search_term_string"}],"inLanguage":"en-US"},{"@type":"Organization","@id":"https:\/\/6g-conference.dnac.org\/2023\/#organization","name":"DNAC","url":"https:\/\/6g-conference.dnac.org\/2023\/","logo":{"@type":"ImageObject","inLanguage":"en-US","@id":"https:\/\/6g-conference.dnac.org\/2023\/#\/schema\/logo\/image\/","url":"https:\/\/6g-conference.dnac.org\/wp-content\/uploads\/2022\/12\/Logo_DNAC_Haut_Res-768x303-1.png","contentUrl":"https:\/\/6g-conference.dnac.org\/wp-content\/uploads\/2022\/12\/Logo_DNAC_Haut_Res-768x303-1.png","width":768,"height":303,"caption":"DNAC"},"image":{"@id":"https:\/\/6g-conference.dnac.org\/2023\/#\/schema\/logo\/image\/"},"sameAs":["https:\/\/twitter.com\/dnac_conference"]}]}},"_links":{"self":[{"href":"https:\/\/6g-conference.dnac.org\/2023\/wp-json\/wp\/v2\/pages\/104"}],"collection":[{"href":"https:\/\/6g-conference.dnac.org\/2023\/wp-json\/wp\/v2\/pages"}],"about":[{"href":"https:\/\/6g-conference.dnac.org\/2023\/wp-json\/wp\/v2\/types\/page"}],"author":[{"embeddable":true,"href":"https:\/\/6g-conference.dnac.org\/2023\/wp-json\/wp\/v2\/users\/1"}],"replies":[{"embeddable":true,"href":"https:\/\/6g-conference.dnac.org\/2023\/wp-json\/wp\/v2\/comments?post=104"}],"version-history":[{"count":8,"href":"https:\/\/6g-conference.dnac.org\/2023\/wp-json\/wp\/v2\/pages\/104\/revisions"}],"predecessor-version":[{"id":488,"href":"https:\/\/6g-conference.dnac.org\/2023\/wp-json\/wp\/v2\/pages\/104\/revisions\/488"}],"wp:attachment":[{"href":"https:\/\/6g-conference.dnac.org\/2023\/wp-json\/wp\/v2\/media?parent=104"}],"curies":[{"name":"wp","href":"https:\/\/api.w.org\/{rel}","templated":true}]}}