{"id":148,"date":"2024-04-06T15:09:40","date_gmt":"2024-04-06T15:09:40","guid":{"rendered":"https:\/\/6g-conference.dnac.org\/2024\/?page_id=148"},"modified":"2024-08-02T10:34:24","modified_gmt":"2024-08-02T10:34:24","slug":"tpc","status":"publish","type":"page","link":"https:\/\/6g-conference.dnac.org\/2024\/tpc\/","title":{"rendered":"Technical Program Committee"},"content":{"rendered":"\n<h2 class=\"wp-block-heading\"><strong><mark style=\"background-color:rgba(0, 0, 0, 0)\" class=\"has-inline-color has-vivid-cyan-blue-color\">Technical Program Committee<\/mark><\/strong><\/h2>\n\n\n\n<h3 class=\"wp-block-heading\"><strong>TPC Co-Chairs<\/strong><\/h3>\n\n\n\n<div class=\"row listeCommitee\"><div class=\"col-lg-6\"><img decoding=\"async\" src=\"https:\/\/6g-conference.dnac.org\/2024\/wp-content\/uploads\/2024\/05\/Frank-Fitzek-.png\" class=\"img-rounded imageCommitee\" alt=\"Frank Fitzek - 6GNet 2024\"><p><b>Frank Fitzek<\/b><br>(Technical University of Dresden, Germany)<\/p><\/div><div class=\"col-lg-6\"><img decoding=\"async\" src=\"https:\/\/6g-conference.dnac.org\/2024\/wp-content\/uploads\/2024\/05\/Anna-Brunstrom.png\" class=\"img-rounded imageCommitee\" alt=\"Anna Brunstr\u00f6m - 6GNet 2024\"><p><b>Anna Brunstr\u00f6m<\/b><br>(Karlstad University, Sweden, and University of Malaga, Spain)<\/p><\/div><\/div>\n\n\n\n<h3 class=\"wp-block-heading\"><strong>TPC Members <\/strong><\/h3>\n\n\n\n<p><strong>Zwi Altman, <\/strong><em>Orange Labs, <\/em>France<br><strong>Suayb S. Arslan, <\/strong><em>Massachusetts Institute of Technology, <\/em>USA<br><strong>Paolo Bellavista, <\/strong><em>University of Bologna, <\/em>Italy<br><strong>Mohamed Boucadair, <\/strong><em>Orange, <\/em>France<br><strong>Marcus Brunner, <\/strong><em>Huawei, <\/em>Switzerland<br><strong>Giuseppe Caso, <\/strong><em>Karlstad University, <\/em>Sweden<br><strong>Prosper Chemouil, <\/strong><em>Cnam, <\/em>France<br><strong>Noel Crespi, <\/strong><em>Institut Mines-T\u00e9l\u00e9com &#8211; T\u00e9l\u00e9com SudParis, <\/em>France<br><strong>Gy\u00f6rgy D\u00e1n, <\/strong><em>KTH Royal Institute of Technology, <\/em>Sweden<br><strong>Luca De Nardis, <\/strong><em>Sapienza University of Rome, <\/em>Italy<br><strong>Almudena Diaz Zayas<\/strong>, <em>University of Malag<\/em>a, Spain<br><strong>Moez Esseghir, <\/strong><em>Universit\u00e9 de Technologie de Troyes, <\/em>France<br><strong>Aymen Fakhreddine, <\/strong><em>Technology Innovation Institute and University of Klagenfurt, <\/em>Austria<br><strong>Chrystel Gaber, <\/strong><em>Orange Labs, <\/em>France<br><strong>Marco Gomes, <\/strong><em>University of Coimbra, <\/em>Portugal<br><strong>G\u00fcrkan G\u00fcr, <\/strong><em>Zurich University of Applied Sciences (ZHAW), <\/em>Switzerland<br><strong>Marie-Helene Hamon, <\/strong><em>Orange Labs, <\/em>France<br><strong>Bo Han, <\/strong><em>George Mason University, <\/em>USA<br><strong>Tobias Ho\u00dffeld, <\/strong><em>University of W\u00fcrzburg, <\/em>Germany<br><strong>Meriem Kassar<\/strong>; <em>University of Tunis El Manar, Tunisia<\/em><br><strong>Luigi Iannone, <\/strong><em>Huawei, <\/em>France<br><strong>Wolfgang John, <\/strong><em>Ericsson Research, <\/em>Sweden<br><strong>Josep M Jornet, <\/strong><em>Northeastern University, <\/em>USA<br><strong>Hamzeh Khalili, <\/strong><em>Centre Tecnol`ogic de Telecomunicacions de Catalunya, <\/em>Spain<br><strong>Harilaos Koumaras, <\/strong><em>NCSR Demokritos, <\/em>Greece<br><strong>S\u0142awomir Kukli\u0144ski, <\/strong><em>Warsaw University of Technology, <\/em>Poland<br><strong>Jeremie Leguay, <\/strong><em>Huawei Technologies, France Research Center, <\/em>France<br><strong>Chen-Feng Liu, <\/strong><em>New Jersey Institute of Technology, <\/em>USA<br><strong>Diogo M. F. Mattos, <\/strong><em>Universidade Federal Fluminense, <\/em>Brazil<br><strong>Muriel Medard, <\/strong><em>Massachusetts Institute of Technology, <\/em>USA<br><strong>Takaaki Moriya, <\/strong><em>NTT, <\/em>Japan<br><strong>Diala Naboulsi, <\/strong><em>\u00c9cole de Technologie Sup\u00e9rieure, <\/em>Canada<br><strong>Giang T. Nguyen, <\/strong><em>Technische Universit\u00e4t Dresden, <\/em>Germany<br><strong>Soodeh Nikan, <\/strong><em>Western University, <\/em>Canada<br><strong>Rogier Noldus, <\/strong><em>Ericsson, <\/em>The Netherlands<br><strong>Rodolfo Oliveira, <\/strong><em>Nova University of Lisbon &#8211; Instituto de Telecomunica\u00e7\u00f5es, <\/em>Portugal<br><strong>Pierre Peloso, <\/strong><em>Nokia, <\/em>France<br><strong>Dinh-Thuy Phan-Huy, <\/strong><em>Orange, <\/em>France<br><strong>Petar Popovski, <\/strong><em>Aalborg University, <\/em>Denmark<br><strong>Ari T. Pouttu, <\/strong><em>Centre for Wireless Communications University of Oulu, <\/em>Finland<br><strong>Guy Pujolle, <\/strong><em>Sorbonne University, <\/em>France<br><strong>Laurent Roullet, <\/strong><em>Nokia Bell Labs, <\/em>France<br><strong>Mohammad Ali Salahuddin<\/strong>, <em>University of Waterloo<\/em>, Canada<br><strong>Dragan Samardzija, <\/strong><em>Nokia Bell Labs, <\/em>USA<br><strong>Carlos Raniery Paula Dos Santos, <\/strong><em>Federal University of Santa Maria, <\/em>Brazil<br><strong>Susana Sargento, <\/strong><em>Instituto de Telecomunica\u00e7\u00f5es &#8211; Universidade de Aveiro, <\/em>Portugal<br><strong>Stefano Secci, <\/strong><em>Cnam, <\/em>France<br><strong>Kohei Shiomoto, <\/strong><em>Tokyo City University, <\/em>Japan<br><strong>Razvan Stanica, <\/strong><em>INSA Lyon, <\/em>France<br><strong>Anurag Thantharate, <\/strong><em>University of Missouri Kansas City, <\/em>USA<br><strong>Dimitris Tsolkas, <\/strong><em>National and Kapodistrian University of Athens, <\/em>Greece<br><strong>Christian Wietfeld, <\/strong><em>TU Dortmund University, <\/em>Germany<br><strong>Rabia T Yazicigil, <\/strong><em>Boston University, <\/em>USA<br><strong>Mohamed Faten Zhani, <\/strong><em>University of Sousse, <\/em>Tunisia<\/p>\n","protected":false},"excerpt":{"rendered":"<p>Technical Program Committee TPC Co-Chairs TPC &hellip; <a href=\"https:\/\/6g-conference.dnac.org\/2024\/elika_speaker\/anna-brunstrom\/\">Continue reading <span class=\"meta-nav\">&rarr;<\/span><\/a><\/p>\n","protected":false},"author":1,"featured_media":0,"parent":0,"menu_order":0,"comment_status":"closed","ping_status":"closed","template":"","meta":{"footnotes":""},"class_list":["post-148","page","type-page","status-publish","hentry"],"yoast_head":"<!-- This site is optimized with the Yoast SEO plugin v22.0 - https:\/\/yoast.com\/wordpress\/plugins\/seo\/ -->\n<title>Technical Program Committee - 6GNet 2024<\/title>\n<meta name=\"robots\" content=\"index, follow, max-snippet:-1, max-image-preview:large, max-video-preview:-1\" \/>\n<link rel=\"canonical\" href=\"https:\/\/6g-conference.dnac.org\/2024\/tpc\/\" \/>\n<meta property=\"og:locale\" content=\"en_US\" \/>\n<meta property=\"og:type\" content=\"article\" \/>\n<meta property=\"og:title\" content=\"Technical Program Committee - 6GNet 2024\" \/>\n<meta property=\"og:description\" content=\"Technical Program Committee TPC Co-Chairs TPC &hellip; Continue reading &rarr;\" \/>\n<meta property=\"og:url\" content=\"https:\/\/6g-conference.dnac.org\/2024\/tpc\/\" \/>\n<meta property=\"og:site_name\" content=\"6GNet 2024\" \/>\n<meta property=\"article:modified_time\" content=\"2024-08-02T10:34:24+00:00\" \/>\n<meta name=\"twitter:card\" content=\"summary_large_image\" \/>\n<meta name=\"twitter:site\" content=\"@6GNet_conf\" \/>\n<meta name=\"twitter:label1\" content=\"Est. reading time\" \/>\n\t<meta name=\"twitter:data1\" content=\"2 minutes\" \/>\n<script type=\"application\/ld+json\" class=\"yoast-schema-graph\">{\"@context\":\"https:\/\/schema.org\",\"@graph\":[{\"@type\":\"WebPage\",\"@id\":\"https:\/\/6g-conference.dnac.org\/2024\/tpc\/\",\"url\":\"https:\/\/6g-conference.dnac.org\/2024\/tpc\/\",\"name\":\"Technical Program Committee - 6GNet 2024\",\"isPartOf\":{\"@id\":\"https:\/\/6g-conference.dnac.org\/2024\/#website\"},\"datePublished\":\"2024-04-06T15:09:40+00:00\",\"dateModified\":\"2024-08-02T10:34:24+00:00\",\"breadcrumb\":{\"@id\":\"https:\/\/6g-conference.dnac.org\/2024\/tpc\/#breadcrumb\"},\"inLanguage\":\"en-US\",\"potentialAction\":[{\"@type\":\"ReadAction\",\"target\":[\"https:\/\/6g-conference.dnac.org\/2024\/tpc\/\"]}]},{\"@type\":\"BreadcrumbList\",\"@id\":\"https:\/\/6g-conference.dnac.org\/2024\/tpc\/#breadcrumb\",\"itemListElement\":[{\"@type\":\"ListItem\",\"position\":1,\"name\":\"Home\",\"item\":\"https:\/\/6g-conference.dnac.org\/2024\/\"},{\"@type\":\"ListItem\",\"position\":2,\"name\":\"Technical Program Committee\"}]},{\"@type\":\"WebSite\",\"@id\":\"https:\/\/6g-conference.dnac.org\/2024\/#website\",\"url\":\"https:\/\/6g-conference.dnac.org\/2024\/\",\"name\":\"6GNet 2024\",\"description\":\"3rd International Conference on 6G Networking\",\"publisher\":{\"@id\":\"https:\/\/6g-conference.dnac.org\/2024\/#organization\"},\"potentialAction\":[{\"@type\":\"SearchAction\",\"target\":{\"@type\":\"EntryPoint\",\"urlTemplate\":\"https:\/\/6g-conference.dnac.org\/2024\/?s={search_term_string}\"},\"query-input\":\"required name=search_term_string\"}],\"inLanguage\":\"en-US\"},{\"@type\":\"Organization\",\"@id\":\"https:\/\/6g-conference.dnac.org\/2024\/#organization\",\"name\":\"6GNet 2024\",\"url\":\"https:\/\/6g-conference.dnac.org\/2024\/\",\"logo\":{\"@type\":\"ImageObject\",\"inLanguage\":\"en-US\",\"@id\":\"https:\/\/6g-conference.dnac.org\/2024\/#\/schema\/logo\/image\/\",\"url\":\"https:\/\/6g-conference.dnac.org\/2024\/wp-content\/uploads\/2024\/02\/cropped-cropped-cropped-T0DFe5c0_400x400-300x300-1.jpg\",\"contentUrl\":\"https:\/\/6g-conference.dnac.org\/2024\/wp-content\/uploads\/2024\/02\/cropped-cropped-cropped-T0DFe5c0_400x400-300x300-1.jpg\",\"width\":225,\"height\":225,\"caption\":\"6GNet 2024\"},\"image\":{\"@id\":\"https:\/\/6g-conference.dnac.org\/2024\/#\/schema\/logo\/image\/\"},\"sameAs\":[\"https:\/\/twitter.com\/6GNet_conf\"]}]}<\/script>\n<!-- \/ Yoast SEO plugin. -->","yoast_head_json":{"title":"Technical Program Committee - 6GNet 2024","robots":{"index":"index","follow":"follow","max-snippet":"max-snippet:-1","max-image-preview":"max-image-preview:large","max-video-preview":"max-video-preview:-1"},"canonical":"https:\/\/6g-conference.dnac.org\/2024\/tpc\/","og_locale":"en_US","og_type":"article","og_title":"Technical Program Committee - 6GNet 2024","og_description":"Technical Program Committee TPC Co-Chairs TPC &hellip; Continue reading &rarr;","og_url":"https:\/\/6g-conference.dnac.org\/2024\/tpc\/","og_site_name":"6GNet 2024","article_modified_time":"2024-08-02T10:34:24+00:00","twitter_card":"summary_large_image","twitter_site":"@6GNet_conf","twitter_misc":{"Est. reading time":"2 minutes"},"schema":{"@context":"https:\/\/schema.org","@graph":[{"@type":"WebPage","@id":"https:\/\/6g-conference.dnac.org\/2024\/tpc\/","url":"https:\/\/6g-conference.dnac.org\/2024\/tpc\/","name":"Technical Program Committee - 6GNet 2024","isPartOf":{"@id":"https:\/\/6g-conference.dnac.org\/2024\/#website"},"datePublished":"2024-04-06T15:09:40+00:00","dateModified":"2024-08-02T10:34:24+00:00","breadcrumb":{"@id":"https:\/\/6g-conference.dnac.org\/2024\/tpc\/#breadcrumb"},"inLanguage":"en-US","potentialAction":[{"@type":"ReadAction","target":["https:\/\/6g-conference.dnac.org\/2024\/tpc\/"]}]},{"@type":"BreadcrumbList","@id":"https:\/\/6g-conference.dnac.org\/2024\/tpc\/#breadcrumb","itemListElement":[{"@type":"ListItem","position":1,"name":"Home","item":"https:\/\/6g-conference.dnac.org\/2024\/"},{"@type":"ListItem","position":2,"name":"Technical Program Committee"}]},{"@type":"WebSite","@id":"https:\/\/6g-conference.dnac.org\/2024\/#website","url":"https:\/\/6g-conference.dnac.org\/2024\/","name":"6GNet 2024","description":"3rd International Conference on 6G Networking","publisher":{"@id":"https:\/\/6g-conference.dnac.org\/2024\/#organization"},"potentialAction":[{"@type":"SearchAction","target":{"@type":"EntryPoint","urlTemplate":"https:\/\/6g-conference.dnac.org\/2024\/?s={search_term_string}"},"query-input":"required name=search_term_string"}],"inLanguage":"en-US"},{"@type":"Organization","@id":"https:\/\/6g-conference.dnac.org\/2024\/#organization","name":"6GNet 2024","url":"https:\/\/6g-conference.dnac.org\/2024\/","logo":{"@type":"ImageObject","inLanguage":"en-US","@id":"https:\/\/6g-conference.dnac.org\/2024\/#\/schema\/logo\/image\/","url":"https:\/\/6g-conference.dnac.org\/2024\/wp-content\/uploads\/2024\/02\/cropped-cropped-cropped-T0DFe5c0_400x400-300x300-1.jpg","contentUrl":"https:\/\/6g-conference.dnac.org\/2024\/wp-content\/uploads\/2024\/02\/cropped-cropped-cropped-T0DFe5c0_400x400-300x300-1.jpg","width":225,"height":225,"caption":"6GNet 2024"},"image":{"@id":"https:\/\/6g-conference.dnac.org\/2024\/#\/schema\/logo\/image\/"},"sameAs":["https:\/\/twitter.com\/6GNet_conf"]}]}},"_links":{"self":[{"href":"https:\/\/6g-conference.dnac.org\/2024\/wp-json\/wp\/v2\/pages\/148","targetHints":{"allow":["GET"]}}],"collection":[{"href":"https:\/\/6g-conference.dnac.org\/2024\/wp-json\/wp\/v2\/pages"}],"about":[{"href":"https:\/\/6g-conference.dnac.org\/2024\/wp-json\/wp\/v2\/types\/page"}],"author":[{"embeddable":true,"href":"https:\/\/6g-conference.dnac.org\/2024\/wp-json\/wp\/v2\/users\/1"}],"replies":[{"embeddable":true,"href":"https:\/\/6g-conference.dnac.org\/2024\/wp-json\/wp\/v2\/comments?post=148"}],"version-history":[{"count":15,"href":"https:\/\/6g-conference.dnac.org\/2024\/wp-json\/wp\/v2\/pages\/148\/revisions"}],"predecessor-version":[{"id":513,"href":"https:\/\/6g-conference.dnac.org\/2024\/wp-json\/wp\/v2\/pages\/148\/revisions\/513"}],"wp:attachment":[{"href":"https:\/\/6g-conference.dnac.org\/2024\/wp-json\/wp\/v2\/media?parent=148"}],"curies":[{"name":"wp","href":"https:\/\/api.w.org\/{rel}","templated":true}]}}