{"id":187,"date":"2024-04-15T11:25:45","date_gmt":"2024-04-15T11:25:45","guid":{"rendered":"https:\/\/6g-conference.dnac.org\/2024\/?page_id=187"},"modified":"2024-09-13T15:03:08","modified_gmt":"2024-09-13T15:03:08","slug":"keynotes","status":"publish","type":"page","link":"https:\/\/6g-conference.dnac.org\/2024\/keynotes\/","title":{"rendered":"Keynotes"},"content":{"rendered":"\n<h2 class=\"wp-block-heading\"><strong><mark style=\"background-color:rgba(0, 0, 0, 0)\" class=\"has-inline-color has-vivid-cyan-blue-color\">6GNet 2024 Keynotes<\/mark><\/strong><\/h2>\n\n\n\n<p><\/p>\n\n\n\n<h3 class=\"wp-block-heading\"><strong><mark style=\"background-color:rgba(0, 0, 0, 0)\" class=\"has-inline-color has-vivid-cyan-blue-color\">Keynote #1<\/mark><\/strong><\/h3>\n\n\n\n<p><\/p>\n\n\n\n<p class=\"has-medium-font-size\"><strong>Title: Beyond Connectivity: Pioneering the Future of Next-Generation Networks<\/strong><\/p>\n\n\n\n<p><strong>Abstract: <\/strong><em>Next-generation networks are set to transform global connectivity by fusing digital and physical realms &#8211; enabling ambient technologies and augmented human experiences. This keynote will explore the transformative potential of advancements in networking, cloud, and AI, that are set to redefine connectivity, from today\u2019s networks to the burgeoning potential of novel networking capabilities and cognizant (level-5) autonomy. We will delve into the challenges and opportunities presented by these innovations. Attendees will gain insights into the future landscape of global connectivity, understanding how these advancements will impact industries, economies, and daily life. Join us to envision a world where seamless, ultra-fast, and intelligent networks empower every aspect of human endeavor, driving progress and innovation in the digital age.<\/em><\/p>\n\n\n\n<p class=\"has-text-align-center\"><div class=\"row listeCommitee\"><div class=\"col-lg-12\"><img decoding=\"async\" src=\"https:\/\/6g-conference.dnac.org\/2024\/wp-content\/uploads\/2024\/05\/meryem_simsek_1716215301226-1.png\" class=\"img-rounded imageCommitee\" alt=\"Meryem Simsek - 6GNet 2024\"><p><b>Meryem Simsek<\/b><br>(Head of Network Architecture Research Lab \/ Nokia Bell Labs (USA))<\/p><\/div><\/div><\/p>\n\n\n\n<p class=\"has-black-color has-text-color\"><strong>Bio: Dr. Meryem Simsek<\/strong> is head of the Network Architecture Research (NAR) Lab at Nokia Bell Labs and is leading an interdisciplinary team of experts to drive network architecture innovations across multiple network layers and across all network segments. Previously, Dr. Simsek has held various scientific leadership roles with VMware, Intel Labs, UC Berkeley, International Computer Science Institute (ICSI) Berkeley, and Technical University Dresden. Her research background and interest span a wide range of topics including but not limited to distributed systems, (mobile) network technologies, cloud computing, AI\/ML and multi-agent systems, game theory, and control theory. Dr. Simsek is the recipient of the IEEE Communications Society Fred W. Ellersick Prize in 2015, the Rising Star in Computer Networking and Communications by N2Women in 2019, the Edge Computing World Edge Women of the year top 10 finalist in 2022, and the IEEE ComSoc Tactile Internet Technical Committee Service award in 2023.<\/p>\n\n\n\n<hr class=\"wp-block-separator has-alpha-channel-opacity\"\/>\n\n\n<p><h3><strong><mark style=\"background-color:rgba(0, 0, 0, 0)\" class=\"has-inline-color has-vivid-cyan-blue-color\">Keynote #2<\/mark><\/strong><\/h3>\n<\/p>\n\n\n<p class=\"has-medium-font-size\" id=\"block-ca92c7ee-88da-4ad9-8315-ff291587b59f\"><strong>Title: Semantics-native Communication and Protocol Learning in the 6G Era<\/strong><\/p>\n\n\n\n<p id=\"block-15a6457c-bf61-422b-99b7-1d52f252cbf9\"><strong>Abstract: <\/strong><em>This keynote talk will first provide a brief introduction of VisionX sitting at the intersection of learning, reasoning and communication in terms of key enablers and mathematical tools, while contrasting&nbsp; it with current efforts in this exciting research area. Subsequently, recent results in semantics-native communication and learning emergent communication protocols in various use cases will be presented.&nbsp; This talk will highlight the importance of transmitting semantic&nbsp;information as opposed to raw data that is either redundant, stale or useless to a receiver to carry out a task.<\/em><\/p>\n\n\n\n<p class=\"has-text-align-center\"><div class=\"row listeCommitee\"><div class=\"col-lg-12\"><img decoding=\"async\" src=\"https:\/\/6g-conference.dnac.org\/2024\/wp-content\/uploads\/2024\/05\/MehdiBennis_404_HiRes1.png\" class=\"img-rounded imageCommitee\" alt=\"Mehdi Bennis - 6GNet 2024\"><p><b>Mehdi Bennis<\/b><br>(Head of of the intelligent connectivity and networks\/systems group \/ University of Oulu, Finland)<\/p><\/div><\/div><\/p>\n\n\n\n<p id=\"block-0f5424ba-19e9-40d8-a2ce-9eca23326b35\"><strong>Bio: Dr. Mehdi Bennis<\/strong> is a full Professor at the Centre for Wireless Communications, University of Oulu, Finland and head of the intelligent connectivity and networks\/systems group (ICON). His main research interests are at the intersection of communication and ML in 5G\/6G networks. He has published 300+ research papers in international conferences, journals and book chapters. He has been the recipient of several prestigious awards including the 2015 Fred W. Ellersick Prize from the IEEE Communications Society, the 2016 Best Tutorial Prize from the IEEE Communications Society, the 2017 EURASIP Best paper Award for the Journal of Wireless Communications and Networks, the all-University of Oulu award for research, the 2019 IEEE ComSoc Radio Communications Committee Early Achievement Award and the 2020-2023 Clarviate Highly Cited Researcher by the Web of Science. Dr Bennis is&nbsp; a Specialty Chief Editor for Data Science for Communications in the Frontiers in Communications and Networks journal and an IEEE Fellow.<\/p>\n\n\n\n<hr class=\"wp-block-separator has-alpha-channel-opacity\"\/>\n\n\n<h3><strong><mark class=\"has-inline-color has-vivid-cyan-blue-color\" style=\"background-color: rgba(0, 0, 0, 0);\">Keynote #3<\/mark><\/strong><\/h3>\n\n\n<p class=\"has-medium-font-size\"><strong>Title: Digital Twins for Communications: How to Create and Use Them <\/strong><\/p>\n\n\n\n<p><strong>Abstract: <\/strong><em>A possible vision for 6G networks is that they can autonomously specialize to the radio environment in which they are deployed. I will discuss two key tools that are required to make this happen, namely differentiable ray racing for the creation of digital twin networks and machine learning. Differentiable ray tracing allows for gradient based optimization of many scene parameters and enables data-driven calibration of ray tracing models to measurements. Such digital twins can then be used as \u201cgyms\u201d for training of environment-specific communication schemes and applications. As examples, I will show how one can learn radio material parameters from channel measurements and present the architecture and performance of a recently developed 5G-compliant neural receiver which is not only compatible with different bandwidth allocations and number of layers but can run in real-time on a GPU.<\/em><\/p>\n\n\n\n<p class=\"has-text-align-center\"><div class=\"row listeCommitee\"><div class=\"col-lg-12\"><img decoding=\"async\" src=\"https:\/\/6g-conference.dnac.org\/2024\/wp-content\/uploads\/2024\/05\/Jakob-Hoydis-500x500.jpg\" class=\"img-rounded imageCommitee\" alt=\"Jakob Hoydis - 6GNet 2024\"><p><b>Jakob Hoydis<\/b><br>(Principal Research Scientist at NVIDIA, France )<\/p><\/div><\/div><\/p>\n\n\n\n<p class=\"has-black-color has-text-color\"><strong>Bio: Jakob Hoydis<\/strong>&nbsp;is a Principal Research Scientist at NVIDIA&nbsp;working&nbsp;on the intersection of machine learning and wireless communications. Prior to this,&nbsp;he was Head of a research department at&nbsp;Nokia Bell Labs, France, and&nbsp;co-founder of the social network SPRAED.&nbsp;He obtained the diploma degree in electrical engineering from RWTH Aachen University, Germany, and the Ph.D. degree from Sup\u00e9l\u00e9c, France. From 2019-2021, he was chair of the IEEE COMSOC Emerging Technology Initiative on Machine Learning as well as Editor of the IEEE Transactions on Wireless Communications. Since 2019, he is Area Editor of the IEEE JSAC Series on Machine Learning in Communications and Networks.<\/p>\n\n\n\n<p class=\"has-black-color has-text-color\">He is recipient of the 2019 VTG IDE Johann-Philipp-Reis Prize, the 2019 IEEE SEE Glavieux Prize, the 2018 IEEE Marconi Prize Paper Award, the 2015 IEEE Leonard G. Abraham Prize, the IEEE WCNC 2014 Best Paper Award, the 2013 VDE ITG F\u00f6rderpreis Award, and the 2012 Publication Prize of the Sup\u00e9l\u00e9c Foundation. He has received the 2018 Nokia AI Innovation Award, as well as the 2018 and 2019 Nokia France Top Inventor Awards. He is a co-author of the textbook \u201cMassive MIMO Networks: Spectral, Energy, and Hardware Efficiency\u201d (2017). He is a 2023 Distinguished Industry Speaker of the IEEE Signal Processing Society as well as an IEEE Fellow.<\/p>\n\n\n\n<p class=\"has-black-color has-text-color\">He is one of the maintainers and core developers of&nbsp;<a href=\"https:\/\/github.com\/NVlabs\/sionna\" target=\"_blank\" rel=\"noreferrer noopener\">Sionna<\/a>, a GPU-accelerated open-source link-level simulator for next-generation communication systems.<\/p>\n","protected":false},"excerpt":{"rendered":"<p>6GNet 2024 Keynotes Keynote #1 Title: &hellip; <a href=\"https:\/\/6g-conference.dnac.org\/2024\/elika_speaker\/robert-soni\/\">Continue reading <span class=\"meta-nav\">&rarr;<\/span><\/a><\/p>\n","protected":false},"author":1,"featured_media":0,"parent":0,"menu_order":0,"comment_status":"closed","ping_status":"closed","template":"","meta":{"footnotes":""},"class_list":["post-187","page","type-page","status-publish","hentry"],"yoast_head":"<!-- This site is optimized with the Yoast SEO plugin v22.0 - https:\/\/yoast.com\/wordpress\/plugins\/seo\/ -->\n<title>Keynotes - 6GNet 2024<\/title>\n<meta name=\"robots\" content=\"index, follow, max-snippet:-1, max-image-preview:large, max-video-preview:-1\" \/>\n<link rel=\"canonical\" href=\"https:\/\/6g-conference.dnac.org\/2024\/keynotes\/\" \/>\n<meta property=\"og:locale\" content=\"en_US\" \/>\n<meta property=\"og:type\" content=\"article\" \/>\n<meta property=\"og:title\" content=\"Keynotes - 6GNet 2024\" \/>\n<meta property=\"og:description\" content=\"6GNet 2024 Keynotes Keynote #1 Title: &hellip; Continue reading &rarr;\" \/>\n<meta property=\"og:url\" content=\"https:\/\/6g-conference.dnac.org\/2024\/keynotes\/\" \/>\n<meta property=\"og:site_name\" content=\"6GNet 2024\" \/>\n<meta property=\"article:modified_time\" content=\"2024-09-13T15:03:08+00:00\" \/>\n<meta name=\"twitter:card\" content=\"summary_large_image\" \/>\n<meta name=\"twitter:site\" content=\"@6GNet_conf\" \/>\n<meta name=\"twitter:label1\" content=\"Est. reading time\" \/>\n\t<meta name=\"twitter:data1\" content=\"5 minutes\" \/>\n<script type=\"application\/ld+json\" class=\"yoast-schema-graph\">{\"@context\":\"https:\/\/schema.org\",\"@graph\":[{\"@type\":\"WebPage\",\"@id\":\"https:\/\/6g-conference.dnac.org\/2024\/keynotes\/\",\"url\":\"https:\/\/6g-conference.dnac.org\/2024\/keynotes\/\",\"name\":\"Keynotes - 6GNet 2024\",\"isPartOf\":{\"@id\":\"https:\/\/6g-conference.dnac.org\/2024\/#website\"},\"datePublished\":\"2024-04-15T11:25:45+00:00\",\"dateModified\":\"2024-09-13T15:03:08+00:00\",\"breadcrumb\":{\"@id\":\"https:\/\/6g-conference.dnac.org\/2024\/keynotes\/#breadcrumb\"},\"inLanguage\":\"en-US\",\"potentialAction\":[{\"@type\":\"ReadAction\",\"target\":[\"https:\/\/6g-conference.dnac.org\/2024\/keynotes\/\"]}]},{\"@type\":\"BreadcrumbList\",\"@id\":\"https:\/\/6g-conference.dnac.org\/2024\/keynotes\/#breadcrumb\",\"itemListElement\":[{\"@type\":\"ListItem\",\"position\":1,\"name\":\"Home\",\"item\":\"https:\/\/6g-conference.dnac.org\/2024\/\"},{\"@type\":\"ListItem\",\"position\":2,\"name\":\"Keynotes\"}]},{\"@type\":\"WebSite\",\"@id\":\"https:\/\/6g-conference.dnac.org\/2024\/#website\",\"url\":\"https:\/\/6g-conference.dnac.org\/2024\/\",\"name\":\"6GNet 2024\",\"description\":\"3rd International Conference on 6G Networking\",\"publisher\":{\"@id\":\"https:\/\/6g-conference.dnac.org\/2024\/#organization\"},\"potentialAction\":[{\"@type\":\"SearchAction\",\"target\":{\"@type\":\"EntryPoint\",\"urlTemplate\":\"https:\/\/6g-conference.dnac.org\/2024\/?s={search_term_string}\"},\"query-input\":\"required name=search_term_string\"}],\"inLanguage\":\"en-US\"},{\"@type\":\"Organization\",\"@id\":\"https:\/\/6g-conference.dnac.org\/2024\/#organization\",\"name\":\"6GNet 2024\",\"url\":\"https:\/\/6g-conference.dnac.org\/2024\/\",\"logo\":{\"@type\":\"ImageObject\",\"inLanguage\":\"en-US\",\"@id\":\"https:\/\/6g-conference.dnac.org\/2024\/#\/schema\/logo\/image\/\",\"url\":\"https:\/\/6g-conference.dnac.org\/2024\/wp-content\/uploads\/2024\/02\/cropped-cropped-cropped-T0DFe5c0_400x400-300x300-1.jpg\",\"contentUrl\":\"https:\/\/6g-conference.dnac.org\/2024\/wp-content\/uploads\/2024\/02\/cropped-cropped-cropped-T0DFe5c0_400x400-300x300-1.jpg\",\"width\":225,\"height\":225,\"caption\":\"6GNet 2024\"},\"image\":{\"@id\":\"https:\/\/6g-conference.dnac.org\/2024\/#\/schema\/logo\/image\/\"},\"sameAs\":[\"https:\/\/twitter.com\/6GNet_conf\"]}]}<\/script>\n<!-- \/ Yoast SEO plugin. -->","yoast_head_json":{"title":"Keynotes - 6GNet 2024","robots":{"index":"index","follow":"follow","max-snippet":"max-snippet:-1","max-image-preview":"max-image-preview:large","max-video-preview":"max-video-preview:-1"},"canonical":"https:\/\/6g-conference.dnac.org\/2024\/keynotes\/","og_locale":"en_US","og_type":"article","og_title":"Keynotes - 6GNet 2024","og_description":"6GNet 2024 Keynotes Keynote #1 Title: &hellip; Continue reading &rarr;","og_url":"https:\/\/6g-conference.dnac.org\/2024\/keynotes\/","og_site_name":"6GNet 2024","article_modified_time":"2024-09-13T15:03:08+00:00","twitter_card":"summary_large_image","twitter_site":"@6GNet_conf","twitter_misc":{"Est. reading time":"5 minutes"},"schema":{"@context":"https:\/\/schema.org","@graph":[{"@type":"WebPage","@id":"https:\/\/6g-conference.dnac.org\/2024\/keynotes\/","url":"https:\/\/6g-conference.dnac.org\/2024\/keynotes\/","name":"Keynotes - 6GNet 2024","isPartOf":{"@id":"https:\/\/6g-conference.dnac.org\/2024\/#website"},"datePublished":"2024-04-15T11:25:45+00:00","dateModified":"2024-09-13T15:03:08+00:00","breadcrumb":{"@id":"https:\/\/6g-conference.dnac.org\/2024\/keynotes\/#breadcrumb"},"inLanguage":"en-US","potentialAction":[{"@type":"ReadAction","target":["https:\/\/6g-conference.dnac.org\/2024\/keynotes\/"]}]},{"@type":"BreadcrumbList","@id":"https:\/\/6g-conference.dnac.org\/2024\/keynotes\/#breadcrumb","itemListElement":[{"@type":"ListItem","position":1,"name":"Home","item":"https:\/\/6g-conference.dnac.org\/2024\/"},{"@type":"ListItem","position":2,"name":"Keynotes"}]},{"@type":"WebSite","@id":"https:\/\/6g-conference.dnac.org\/2024\/#website","url":"https:\/\/6g-conference.dnac.org\/2024\/","name":"6GNet 2024","description":"3rd International Conference on 6G Networking","publisher":{"@id":"https:\/\/6g-conference.dnac.org\/2024\/#organization"},"potentialAction":[{"@type":"SearchAction","target":{"@type":"EntryPoint","urlTemplate":"https:\/\/6g-conference.dnac.org\/2024\/?s={search_term_string}"},"query-input":"required name=search_term_string"}],"inLanguage":"en-US"},{"@type":"Organization","@id":"https:\/\/6g-conference.dnac.org\/2024\/#organization","name":"6GNet 2024","url":"https:\/\/6g-conference.dnac.org\/2024\/","logo":{"@type":"ImageObject","inLanguage":"en-US","@id":"https:\/\/6g-conference.dnac.org\/2024\/#\/schema\/logo\/image\/","url":"https:\/\/6g-conference.dnac.org\/2024\/wp-content\/uploads\/2024\/02\/cropped-cropped-cropped-T0DFe5c0_400x400-300x300-1.jpg","contentUrl":"https:\/\/6g-conference.dnac.org\/2024\/wp-content\/uploads\/2024\/02\/cropped-cropped-cropped-T0DFe5c0_400x400-300x300-1.jpg","width":225,"height":225,"caption":"6GNet 2024"},"image":{"@id":"https:\/\/6g-conference.dnac.org\/2024\/#\/schema\/logo\/image\/"},"sameAs":["https:\/\/twitter.com\/6GNet_conf"]}]}},"_links":{"self":[{"href":"https:\/\/6g-conference.dnac.org\/2024\/wp-json\/wp\/v2\/pages\/187","targetHints":{"allow":["GET"]}}],"collection":[{"href":"https:\/\/6g-conference.dnac.org\/2024\/wp-json\/wp\/v2\/pages"}],"about":[{"href":"https:\/\/6g-conference.dnac.org\/2024\/wp-json\/wp\/v2\/types\/page"}],"author":[{"embeddable":true,"href":"https:\/\/6g-conference.dnac.org\/2024\/wp-json\/wp\/v2\/users\/1"}],"replies":[{"embeddable":true,"href":"https:\/\/6g-conference.dnac.org\/2024\/wp-json\/wp\/v2\/comments?post=187"}],"version-history":[{"count":16,"href":"https:\/\/6g-conference.dnac.org\/2024\/wp-json\/wp\/v2\/pages\/187\/revisions"}],"predecessor-version":[{"id":624,"href":"https:\/\/6g-conference.dnac.org\/2024\/wp-json\/wp\/v2\/pages\/187\/revisions\/624"}],"wp:attachment":[{"href":"https:\/\/6g-conference.dnac.org\/2024\/wp-json\/wp\/v2\/media?parent=187"}],"curies":[{"name":"wp","href":"https:\/\/api.w.org\/{rel}","templated":true}]}}